{"id":28,"date":"2026-02-24T16:44:08","date_gmt":"2026-02-24T16:44:08","guid":{"rendered":"https:\/\/consultoriagas.space\/site\/servicios\/"},"modified":"2026-02-24T21:53:36","modified_gmt":"2026-02-24T21:53:36","slug":"servicios","status":"publish","type":"page","link":"https:\/\/consultoriagas.space\/site\/servicios\/","title":{"rendered":"Servicios"},"content":{"rendered":"\n<div class=\"wp-block-group alignfull is-style-ext-preset--group--natural-1--section has-background-background-color has-background has-global-padding is-layout-constrained wp-container-core-group-is-layout-e955bbaf wp-block-group-is-layout-constrained\" id=\"servicios\" style=\"margin-top:0;margin-bottom:0;padding-top:var(--wp--preset--spacing--70);padding-bottom:var(--wp--preset--spacing--70)\">\n<div class=\"wp-block-group alignwide is-vertical is-layout-flex wp-container-core-group-is-layout-c35747d5 wp-block-group-is-layout-flex\">\n<div class=\"wp-block-group has-global-padding is-layout-constrained wp-container-core-group-is-layout-5e05634a wp-block-group-is-layout-constrained\">\n<h2 class=\"wp-block-heading\">Conf\u00eda en nuestra experiencia en el \u00e1mbito gas<\/h2>\n\n\n\n<p class=\"has-text-align-left\">Esta secci\u00f3n destaca la variedad de servicios que ofrecemos, haciendo hincapi\u00e9 en la calidad y la satisfacci\u00f3n del cliente.<\/p>\n<\/div>\n<\/div>\n\n\n\n<div class=\"wp-block-columns alignwide is-layout-flex wp-container-core-columns-is-layout-08c01c1c wp-block-columns-is-layout-flex\">\n<div class=\"wp-block-column is-vertically-aligned-stretch is-layout-flow wp-container-core-column-is-layout-119bc444 wp-block-column-is-layout-flow\">\n<div class=\"wp-block-media-text is-stacked-on-mobile is-image-fill-element is-style-ext-preset--media-text--natural-1--card-1 extendify-image-import has-tertiary-background-color has-background is-style-ext-preset--media-text--natural-1--card-1--2\"><figure class=\"wp-block-media-text__media\"><img decoding=\"async\" src=\"https:\/\/images.unsplash.com\/photo-1542744173-8e7e53415bb0?ixid=M3w0MzUxNjF8MHwxfHNlYXJjaHw3fHxjb3Jwb3JhdGV8ZW58MHx8fHwxNzcxOTM1MDA0fDA&amp;ixlib=rb-4.1.0&amp;orientation=landscape?fit=crop&amp;crop=entropy%2Cfaces&amp;auto=format%2Ccompress&amp;w=1280\" alt=\"\" style=\"object-position:50% 50%\"\/><\/figure><div class=\"wp-block-media-text__content\">\n<div class=\"wp-block-group is-style-default has-global-padding is-layout-constrained wp-container-core-group-is-layout-9a7b35d3 wp-block-group-is-layout-constrained\" style=\"padding-top:var(--wp--preset--spacing--40);padding-right:var(--wp--preset--spacing--30);padding-bottom:var(--wp--preset--spacing--40);padding-left:var(--wp--preset--spacing--30)\">\n<h3 class=\"wp-block-heading\" style=\"font-size:clamp(15.747px, 0.984rem + ((1vw - 3.2px) * 0.86), 24px);\">Servicio Uno<\/h3>\n\n\n\n<p class=\"has-small-font-size\">Este servicio est\u00e1 dise\u00f1ado para abordar eficazmente sus necesidades espec\u00edficas.<\/p>\n<\/div>\n<\/div><\/div>\n<\/div>\n\n\n\n<div class=\"wp-block-column is-vertically-aligned-stretch is-layout-flow wp-container-core-column-is-layout-119bc444 wp-block-column-is-layout-flow\">\n<div class=\"wp-block-media-text is-stacked-on-mobile is-image-fill-element is-style-ext-preset--media-text--natural-1--card-1 extendify-image-import has-tertiary-background-color has-background is-style-ext-preset--media-text--natural-1--card-1--3\"><figure class=\"wp-block-media-text__media\"><img decoding=\"async\" src=\"https:\/\/images.unsplash.com\/photo-1454165804606-c3d57bc86b40?ixid=M3w0MzUxNjF8MHwxfHNlYXJjaHwyfHxjb25zdWx0aW5nfGVufDB8fHx8MTc3MTgzNjYwM3ww&amp;ixlib=rb-4.1.0&amp;orientation=landscape?fit=crop&amp;crop=entropy%2Cfaces&amp;auto=format%2Ccompress&amp;w=1280\" alt=\"\" style=\"object-position:50% 50%\"\/><\/figure><div class=\"wp-block-media-text__content\">\n<div class=\"wp-block-group is-style-default has-global-padding is-layout-constrained wp-container-core-group-is-layout-9a7b35d3 wp-block-group-is-layout-constrained\" style=\"padding-top:var(--wp--preset--spacing--40);padding-right:var(--wp--preset--spacing--30);padding-bottom:var(--wp--preset--spacing--40);padding-left:var(--wp--preset--spacing--30)\">\n<h3 class=\"wp-block-heading\" style=\"font-size:clamp(15.747px, 0.984rem + ((1vw - 3.2px) * 0.86), 24px);\">Servicio Dos<\/h3>\n\n\n\n<p class=\"has-small-font-size\">Este servicio ofrece soluciones personalizadas para obtener resultados \u00f3ptimos.<\/p>\n<\/div>\n<\/div><\/div>\n<\/div>\n<\/div>\n\n\n\n<div class=\"wp-block-columns alignwide is-layout-flex wp-container-core-columns-is-layout-967d05ff wp-block-columns-is-layout-flex\" style=\"margin-top:var(--wp--preset--spacing--40)\">\n<div class=\"wp-block-column is-vertically-aligned-stretch is-layout-flow wp-container-core-column-is-layout-119bc444 wp-block-column-is-layout-flow\">\n<div class=\"wp-block-media-text is-stacked-on-mobile is-image-fill-element is-style-ext-preset--media-text--natural-1--card-1 extendify-image-import has-tertiary-background-color has-background is-style-ext-preset--media-text--natural-1--card-1--4\"><figure class=\"wp-block-media-text__media\"><img decoding=\"async\" src=\"https:\/\/images.unsplash.com\/photo-1553877522-43269d4ea984?ixid=M3w0MzUxNjF8MHwxfHNlYXJjaHw5fHxjb3Jwb3JhdGV8ZW58MHx8fHwxNzcxOTM1MDA0fDA&amp;ixlib=rb-4.1.0&amp;orientation=landscape?fit=crop&amp;crop=entropy%2Cfaces&amp;auto=format%2Ccompress&amp;w=1280\" alt=\"\" style=\"object-position:50% 50%\"\/><\/figure><div class=\"wp-block-media-text__content\">\n<div class=\"wp-block-group is-style-default has-global-padding is-layout-constrained wp-container-core-group-is-layout-9a7b35d3 wp-block-group-is-layout-constrained\" style=\"padding-top:var(--wp--preset--spacing--40);padding-right:var(--wp--preset--spacing--30);padding-bottom:var(--wp--preset--spacing--40);padding-left:var(--wp--preset--spacing--30)\">\n<h3 class=\"wp-block-heading\" style=\"font-size:clamp(15.747px, 0.984rem + ((1vw - 3.2px) * 0.86), 24px);\">Servicio Tres<\/h3>\n\n\n\n<p class=\"has-small-font-size\">Este servicio est\u00e1 dise\u00f1ado para ofrecer un valor y una fiabilidad excepcionales.<\/p>\n<\/div>\n<\/div><\/div>\n<\/div>\n\n\n\n<div class=\"wp-block-column is-vertically-aligned-stretch is-layout-flow wp-container-core-column-is-layout-119bc444 wp-block-column-is-layout-flow\">\n<div class=\"wp-block-media-text is-stacked-on-mobile is-image-fill-element is-style-ext-preset--media-text--natural-1--card-1 extendify-image-import has-tertiary-background-color has-background is-style-ext-preset--media-text--natural-1--card-1--5\"><figure class=\"wp-block-media-text__media\"><img decoding=\"async\" src=\"https:\/\/images.unsplash.com\/photo-1590650516494-0c8e4a4dd67e?ixid=M3w0MzUxNjF8MHwxfHNlYXJjaHwxMHx8Y29ycG9yYXRlfGVufDB8fHx8MTc3MTkzNTAwNHww&amp;ixlib=rb-4.1.0&amp;orientation=landscape?fit=crop&amp;crop=entropy%2Cfaces&amp;auto=format%2Ccompress&amp;w=1280\" alt=\"\" style=\"object-position:50% 50%\"\/><\/figure><div class=\"wp-block-media-text__content\">\n<div class=\"wp-block-group is-style-default has-global-padding is-layout-constrained wp-container-core-group-is-layout-9a7b35d3 wp-block-group-is-layout-constrained\" style=\"padding-top:var(--wp--preset--spacing--40);padding-right:var(--wp--preset--spacing--30);padding-bottom:var(--wp--preset--spacing--40);padding-left:var(--wp--preset--spacing--30)\">\n<h3 class=\"wp-block-heading\" style=\"font-size:clamp(15.747px, 0.984rem + ((1vw - 3.2px) * 0.86), 24px);\">Servicio Cuatro<\/h3>\n\n\n\n<p class=\"has-small-font-size\">Este servicio garantiza un rendimiento excepcional y la satisfacci\u00f3n del cliente.<\/p>\n<\/div>\n<\/div><\/div>\n<\/div>\n<\/div>\n<\/div>\n\n\n\n<div class=\"wp-block-group alignfull is-style-ext-preset--group--natural-1--section has-background-background-color has-background has-global-padding is-layout-constrained wp-container-core-group-is-layout-e955bbaf wp-block-group-is-layout-constrained\" id=\"eventos\" style=\"margin-top:0;margin-bottom:0;padding-top:var(--wp--preset--spacing--70);padding-bottom:var(--wp--preset--spacing--70)\">\n<div class=\"wp-block-group alignwide is-vertical is-content-justification-left is-layout-flex wp-container-core-group-is-layout-214d3d4d wp-block-group-is-layout-flex\">\n<div class=\"wp-block-group has-global-padding is-layout-constrained wp-container-core-group-is-layout-2287c683 wp-block-group-is-layout-constrained\">\n<h2 class=\"wp-block-heading\">Expertos en consultor\u00eda para el sector gas\u00edfero<\/h2>\n\n\n\n<p>Descubre nuestros eventos y actividades dise\u00f1ados para conectar con profesionales y fortalecer la red en la industria del gas.<\/p>\n<\/div>\n<\/div>\n\n\n\n<div class=\"wp-block-columns alignwide is-layout-flex wp-container-core-columns-is-layout-08c01c1c wp-block-columns-is-layout-flex\">\n<div class=\"wp-block-column is-layout-flow wp-block-column-is-layout-flow\">\n<div class=\"wp-block-group is-style-ext-preset--group--natural-1--item-card-1--align-start has-global-padding is-layout-constrained wp-block-group-is-layout-constrained is-style-ext-preset--group--natural-1--item-card-1--align-start--7\">\n<figure class=\"wp-block-image extendify-image-import\"><img decoding=\"async\" src=\"https:\/\/images.unsplash.com\/photo-1600880292203-757bb62b4baf?ixid=M3w0MzUxNjF8MHwxfHNlYXJjaHwxMnx8Y29uc3VsdGluZ3xlbnwwfHx8fDE3NzE4MzY2MDN8MA&amp;ixlib=rb-4.1.0&amp;orientation=landscape?fit=crop&amp;crop=entropy%2Cfaces&amp;auto=format%2Ccompress&amp;w=1280\" alt=\"\" style=\"aspect-ratio:4\/3;object-fit:cover\"\/><\/figure>\n\n\n\n<div class=\"wp-block-group is-style-default has-global-padding is-layout-constrained wp-block-group-is-layout-constrained\">\n<h3 class=\"wp-block-heading\">Jornada de Innovaci\u00f3n en Energ\u00eda Gas\u00edfera<\/h3>\n\n\n\n<div class=\"wp-block-group is-nowrap is-layout-flex wp-container-core-group-is-layout-6fee25ed wp-block-group-is-layout-flex\" style=\"margin-top:24px;padding-top:0;padding-right:0;padding-bottom:0;padding-left:0\">\n<div class=\"wp-block-group is-nowrap is-layout-flex wp-container-core-group-is-layout-2ca071df wp-block-group-is-layout-flex\" style=\"padding-top:0;padding-right:0;padding-bottom:0;padding-left:0\">\n<figure class=\"wp-block-image size-large extendify-image-import wp-container-content-c42f3963 wp-duotone-primary-foreground\"><img decoding=\"async\" src=\"data:image\/svg+xml;base64,PHN2ZyB4bWxucz0iaHR0cDovL3d3dy53My5vcmcvMjAwMC9zdmciIHdpZHRoPSIyNCIgaGVpZ2h0PSIyNCIgZmlsbD0iIzAwMDAwMCIgdmlld0JveD0iMCAwIDI1NiAyNTYiPjxwYXRoIGQ9Ik0yMDgsMzJIMTg0VjI0YTgsOCwwLDAsMC0xNiwwdjhIODhWMjRhOCw4LDAsMCwwLTE2LDB2OEg0OEExNiwxNiwwLDAsMCwzMiw0OFYyMDhhMTYsMTYsMCwwLDAsMTYsMTZIMjA4YTE2LDE2LDAsMCwwLDE2LTE2VjQ4QTE2LDE2LDAsMCwwLDIwOCwzMlpNNzIsNDh2OGE4LDgsMCwwLDAsMTYsMFY0OGg4MHY4YTgsOCwwLDAsMCwxNiwwVjQ4aDI0VjgwSDQ4VjQ4Wk0yMDgsMjA4SDQ4Vjk2SDIwOFYyMDhabS02OC03NmExMiwxMiwwLDEsMS0xMi0xMkExMiwxMiwwLDAsMSwxNDAsMTMyWm00NCwwYTEyLDEyLDAsMSwxLTEyLTEyQTEyLDEyLDAsMCwxLDE4NCwxMzJaTTk2LDE3MmExMiwxMiwwLDEsMS0xMi0xMkExMiwxMiwwLDAsMSw5NiwxNzJabTQ0LDBhMTIsMTIsMCwxLDEtMTItMTJBMTIsMTIsMCwwLDEsMTQwLDE3MlptNDQsMGExMiwxMiwwLDEsMS0xMi0xMkExMiwxMiwwLDAsMSwxODQsMTcyWiI+PC9wYXRoPjwvc3ZnPg==\" alt=\"\"\/><\/figure>\n\n\n\n<p class=\"wp-container-content-9cfa9a5a\" style=\"font-size:clamp(14px, 0.875rem + ((1vw - 3.2px) * 0.417), 18px);\">Fecha:<\/p>\n<\/div>\n\n\n\n<div class=\"wp-block-group is-nowrap is-layout-flex wp-container-core-group-is-layout-2ca071df wp-block-group-is-layout-flex\" style=\"padding-top:0;padding-right:0;padding-bottom:0;padding-left:0\">\n<figure class=\"wp-block-image size-large extendify-image-import wp-duotone-primary-foreground\"><img decoding=\"async\" src=\"data:image\/svg+xml;base64,PHN2ZyB4bWxucz0iaHR0cDovL3d3dy53My5vcmcvMjAwMC9zdmciIHdpZHRoPSIyNCIgaGVpZ2h0PSIyNCIgZmlsbD0iIzAwMDAwMCIgdmlld0JveD0iMCAwIDI1NiAyNTYiPjxwYXRoIGQ9Ik0xMjgsNjRhNDAsNDAsMCwxLDAsNDAsNDBBNDAsNDAsMCwwLDAsMTI4LDY0Wm0wLDY0YTI0LDI0LDAsMSwxLDI0LTI0QTI0LDI0LDAsMCwxLDEyOCwxMjhabTAtMTEyYTg4LjEsODguMSwwLDAsMC04OCw4OGMwLDMxLjQsMTQuNTEsNjQuNjgsNDIsOTYuMjVhMjU0LjE5LDI1NC4xOSwwLDAsMCw0MS40NSwzOC4zLDgsOCwwLDAsMCw5LjE4LDBBMjU0LjE5LDI1NC4xOSwwLDAsMCwxNzQsMjAwLjI1YzI3LjQ1LTMxLjU3LDQyLTY0Ljg1LDQyLTk2LjI1QTg4LjEsODguMSwwLDAsMCwxMjgsMTZabTAsMjA2Yy0xNi41My0xMy03Mi02MC43NS03Mi0xMThhNzIsNzIsMCwwLDEsMTQ0LDBDMjAwLDE2MS4yMywxNDQuNTMsMjA5LDEyOCwyMjJaIj48L3BhdGg+PC9zdmc+\" alt=\"\"\/><\/figure>\n\n\n\n<p class=\"wp-container-content-9cfa9a5a\" style=\"font-size:clamp(14px, 0.875rem + ((1vw - 3.2px) * 0.417), 18px);\">Lugar:<\/p>\n<\/div>\n<\/div>\n\n\n\n<p>Explora las \u00faltimas tendencias y soluciones en el mercado del gas.<\/p>\n<\/div>\n<\/div>\n<\/div>\n\n\n\n<div class=\"wp-block-column is-layout-flow wp-block-column-is-layout-flow\">\n<div class=\"wp-block-group is-style-ext-preset--group--natural-1--item-card-1--align-start has-global-padding is-layout-constrained wp-block-group-is-layout-constrained is-style-ext-preset--group--natural-1--item-card-1--align-start--8\">\n<figure class=\"wp-block-image extendify-image-import\"><img decoding=\"async\" src=\"https:\/\/images.unsplash.com\/photo-1590650516494-0c8e4a4dd67e?ixid=M3w0MzUxNjF8MHwxfHNlYXJjaHw4fHxjb25zdWx0aW5nfGVufDB8fHx8MTc3MTgzNjYwM3ww&amp;ixlib=rb-4.1.0&amp;orientation=landscape?fit=crop&amp;crop=entropy%2Cfaces&amp;auto=format%2Ccompress&amp;w=1280\" alt=\"\" style=\"aspect-ratio:4\/3;object-fit:cover\"\/><\/figure>\n\n\n\n<div class=\"wp-block-group is-style-default has-global-padding is-layout-constrained wp-block-group-is-layout-constrained\">\n<h3 class=\"wp-block-heading\">Seminario sobre Regulaci\u00f3n y Seguridad Gas\u00edfera<\/h3>\n\n\n\n<div class=\"wp-block-group is-nowrap is-layout-flex wp-container-core-group-is-layout-6fee25ed wp-block-group-is-layout-flex\" style=\"margin-top:24px;padding-top:0;padding-right:0;padding-bottom:0;padding-left:0\">\n<div class=\"wp-block-group is-nowrap is-layout-flex wp-container-core-group-is-layout-2ca071df wp-block-group-is-layout-flex\" style=\"padding-top:0;padding-right:0;padding-bottom:0;padding-left:0\">\n<figure class=\"wp-block-image size-large extendify-image-import wp-container-content-c42f3963 wp-duotone-primary-foreground\"><img decoding=\"async\" src=\"data:image\/svg+xml;base64,PHN2ZyB4bWxucz0iaHR0cDovL3d3dy53My5vcmcvMjAwMC9zdmciIHdpZHRoPSIyNCIgaGVpZ2h0PSIyNCIgZmlsbD0iIzAwMDAwMCIgdmlld0JveD0iMCAwIDI1NiAyNTYiPjxwYXRoIGQ9Ik0yMDgsMzJIMTg0VjI0YTgsOCwwLDAsMC0xNiwwdjhIODhWMjRhOCw4LDAsMCwwLTE2LDB2OEg0OEExNiwxNiwwLDAsMCwzMiw0OFYyMDhhMTYsMTYsMCwwLDAsMTYsMTZIMjA4YTE2LDE2LDAsMCwwLDE2LTE2VjQ4QTE2LDE2LDAsMCwwLDIwOCwzMlpNNzIsNDh2OGE4LDgsMCwwLDAsMTYsMFY0OGg4MHY4YTgsOCwwLDAsMCwxNiwwVjQ4aDI0VjgwSDQ4VjQ4Wk0yMDgsMjA4SDQ4Vjk2SDIwOFYyMDhabS02OC03NmExMiwxMiwwLDEsMS0xMi0xMkExMiwxMiwwLDAsMSwxNDAsMTMyWm00NCwwYTEyLDEyLDAsMSwxLTEyLTEyQTEyLDEyLDAsMCwxLDE4NCwxMzJaTTk2LDE3MmExMiwxMiwwLDEsMS0xMi0xMkExMiwxMiwwLDAsMSw5NiwxNzJabTQ0LDBhMTIsMTIsMCwxLDEtMTItMTJBMTIsMTIsMCwwLDEsMTQwLDE3MlptNDQsMGExMiwxMiwwLDEsMS0xMi0xMkExMiwxMiwwLDAsMSwxODQsMTcyWiI+PC9wYXRoPjwvc3ZnPg==\" alt=\"\"\/><\/figure>\n\n\n\n<p class=\"wp-container-content-9cfa9a5a\" style=\"font-size:clamp(14px, 0.875rem + ((1vw - 3.2px) * 0.417), 18px);\">Fecha:<\/p>\n<\/div>\n\n\n\n<div class=\"wp-block-group is-nowrap is-layout-flex wp-container-core-group-is-layout-2ca071df wp-block-group-is-layout-flex\" style=\"padding-top:0;padding-right:0;padding-bottom:0;padding-left:0\">\n<figure class=\"wp-block-image size-large extendify-image-import wp-duotone-primary-foreground\"><img decoding=\"async\" src=\"data:image\/svg+xml;base64,PHN2ZyB4bWxucz0iaHR0cDovL3d3dy53My5vcmcvMjAwMC9zdmciIHdpZHRoPSIyNCIgaGVpZ2h0PSIyNCIgZmlsbD0iIzAwMDAwMCIgdmlld0JveD0iMCAwIDI1NiAyNTYiPjxwYXRoIGQ9Ik0xMjgsNjRhNDAsNDAsMCwxLDAsNDAsNDBBNDAsNDAsMCwwLDAsMTI4LDY0Wm0wLDY0YTI0LDI0LDAsMSwxLDI0LTI0QTI0LDI0LDAsMCwxLDEyOCwxMjhabTAtMTEyYTg4LjEsODguMSwwLDAsMC04OCw4OGMwLDMxLjQsMTQuNTEsNjQuNjgsNDIsOTYuMjVhMjU0LjE5LDI1NC4xOSwwLDAsMCw0MS40NSwzOC4zLDgsOCwwLDAsMCw5LjE4LDBBMjU0LjE5LDI1NC4xOSwwLDAsMCwxNzQsMjAwLjI1YzI3LjQ1LTMxLjU3LDQyLTY0Ljg1LDQyLTk2LjI1QTg4LjEsODguMSwwLDAsMCwxMjgsMTZabTAsMjA2Yy0xNi41My0xMy03Mi02MC43NS03Mi0xMThhNzIsNzIsMCwwLDEsMTQ0LDBDMjAwLDE2MS4yMywxNDQuNTMsMjA5LDEyOCwyMjJaIj48L3BhdGg+PC9zdmc+\" alt=\"\"\/><\/figure>\n\n\n\n<p class=\"wp-container-content-9cfa9a5a\" style=\"font-size:clamp(14px, 0.875rem + ((1vw - 3.2px) * 0.417), 18px);\">Lugar:<\/p>\n<\/div>\n<\/div>\n\n\n\n<p>Analiza normativas actuales y mejores pr\u00e1cticas para la seguridad en instalaciones de gas.<\/p>\n<\/div>\n<\/div>\n<\/div>\n\n\n\n<div class=\"wp-block-column is-layout-flow wp-block-column-is-layout-flow\">\n<div class=\"wp-block-group is-style-ext-preset--group--natural-1--item-card-1--align-start has-global-padding is-layout-constrained wp-block-group-is-layout-constrained is-style-ext-preset--group--natural-1--item-card-1--align-start--9\">\n<figure class=\"wp-block-image extendify-image-import\"><img decoding=\"async\" src=\"https:\/\/images.unsplash.com\/photo-1553877522-43269d4ea984?ixid=M3w0MzUxNjF8MHwxfHNlYXJjaHw5fHxjb3Jwb3JhdGV8ZW58MHx8fHwxNzcxOTM1MDA0fDA&amp;ixlib=rb-4.1.0&amp;orientation=landscape?fit=crop&amp;crop=entropy%2Cfaces&amp;auto=format%2Ccompress&amp;w=1280\" alt=\"\" style=\"aspect-ratio:4\/3;object-fit:cover\"\/><\/figure>\n\n\n\n<div class=\"wp-block-group is-style-default has-global-padding is-layout-constrained wp-block-group-is-layout-constrained\">\n<h3 class=\"wp-block-heading\">Taller de Sostenibilidad y Eficiencia Energ\u00e9tica<\/h3>\n\n\n\n<div class=\"wp-block-group is-nowrap is-layout-flex wp-container-core-group-is-layout-6fee25ed wp-block-group-is-layout-flex\" style=\"margin-top:24px;padding-top:0;padding-right:0;padding-bottom:0;padding-left:0\">\n<div class=\"wp-block-group is-nowrap is-layout-flex wp-container-core-group-is-layout-2ca071df wp-block-group-is-layout-flex\" style=\"padding-top:0;padding-right:0;padding-bottom:0;padding-left:0\">\n<figure class=\"wp-block-image size-large extendify-image-import wp-container-content-c42f3963 wp-duotone-primary-foreground\"><img decoding=\"async\" src=\"data:image\/svg+xml;base64,PHN2ZyB4bWxucz0iaHR0cDovL3d3dy53My5vcmcvMjAwMC9zdmciIHdpZHRoPSIyNCIgaGVpZ2h0PSIyNCIgZmlsbD0iIzAwMDAwMCIgdmlld0JveD0iMCAwIDI1NiAyNTYiPjxwYXRoIGQ9Ik0yMDgsMzJIMTg0VjI0YTgsOCwwLDAsMC0xNiwwdjhIODhWMjRhOCw4LDAsMCwwLTE2LDB2OEg0OEExNiwxNiwwLDAsMCwzMiw0OFYyMDhhMTYsMTYsMCwwLDAsMTYsMTZIMjA4YTE2LDE2LDAsMCwwLDE2LTE2VjQ4QTE2LDE2LDAsMCwwLDIwOCwzMlpNNzIsNDh2OGE4LDgsMCwwLDAsMTYsMFY0OGg4MHY4YTgsOCwwLDAsMCwxNiwwVjQ4aDI0VjgwSDQ4VjQ4Wk0yMDgsMjA4SDQ4Vjk2SDIwOFYyMDhabS02OC03NmExMiwxMiwwLDEsMS0xMi0xMkExMiwxMiwwLDAsMSwxNDAsMTMyWm00NCwwYTEyLDEyLDAsMSwxLTEyLTEyQTEyLDEyLDAsMCwxLDE4NCwxMzJaTTk2LDE3MmExMiwxMiwwLDEsMS0xMi0xMkExMiwxMiwwLDAsMSw5NiwxNzJabTQ0LDBhMTIsMTIsMCwxLDEtMTItMTJBMTIsMTIsMCwwLDEsMTQwLDE3MlptNDQsMGExMiwxMiwwLDEsMS0xMi0xMkExMiwxMiwwLDAsMSwxODQsMTcyWiI+PC9wYXRoPjwvc3ZnPg==\" alt=\"\"\/><\/figure>\n\n\n\n<p class=\"wp-container-content-9cfa9a5a\" style=\"font-size:clamp(14px, 0.875rem + ((1vw - 3.2px) * 0.417), 18px);\">Fecha:<\/p>\n<\/div>\n\n\n\n<div class=\"wp-block-group is-nowrap is-layout-flex wp-container-core-group-is-layout-2ca071df wp-block-group-is-layout-flex\" style=\"padding-top:0;padding-right:0;padding-bottom:0;padding-left:0\">\n<figure class=\"wp-block-image size-large extendify-image-import wp-duotone-primary-foreground\"><img decoding=\"async\" src=\"data:image\/svg+xml;base64,PHN2ZyB4bWxucz0iaHR0cDovL3d3dy53My5vcmcvMjAwMC9zdmciIHdpZHRoPSIyNCIgaGVpZ2h0PSIyNCIgZmlsbD0iIzAwMDAwMCIgdmlld0JveD0iMCAwIDI1NiAyNTYiPjxwYXRoIGQ9Ik0xMjgsNjRhNDAsNDAsMCwxLDAsNDAsNDBBNDAsNDAsMCwwLDAsMTI4LDY0Wm0wLDY0YTI0LDI0LDAsMSwxLDI0LTI0QTI0LDI0LDAsMCwxLDEyOCwxMjhabTAtMTEyYTg4LjEsODguMSwwLDAsMC04OCw4OGMwLDMxLjQsMTQuNTEsNjQuNjgsNDIsOTYuMjVhMjU0LjE5LDI1NC4xOSwwLDAsMCw0MS40NSwzOC4zLDgsOCwwLDAsMCw5LjE4LDBBMjU0LjE5LDI1NC4xOSwwLDAsMCwxNzQsMjAwLjI1YzI3LjQ1LTMxLjU3LDQyLTY0Ljg1LDQyLTk2LjI1QTg4LjEsODguMSwwLDAsMCwxMjgsMTZabTAsMjA2Yy0xNi41My0xMy03Mi02MC43NS03Mi0xMThhNzIsNzIsMCwwLDEsMTQ0LDBDMjAwLDE2MS4yMywxNDQuNTMsMjA5LDEyOCwyMjJaIj48L3BhdGg+PC9zdmc+\" alt=\"\"\/><\/figure>\n\n\n\n<p class=\"wp-container-content-9cfa9a5a\" style=\"font-size:clamp(14px, 0.875rem + ((1vw - 3.2px) * 0.417), 18px);\">Lugar:<\/p>\n<\/div>\n<\/div>\n\n\n\n<p>Aprende estrategias para optimizar el uso energ\u00e9tico y reducir el impacto ambiental.<\/p>\n<\/div>\n<\/div>\n<\/div>\n<\/div>\n<\/div>\n","protected":false},"excerpt":{"rendered":"<p>Conf\u00eda en nuestra experiencia en el \u00e1mbito gas Esta secci\u00f3n destaca la variedad de servicios que ofrecemos, haciendo hincapi\u00e9 en la calidad y la satisfacci\u00f3n del cliente. Servicio Uno Este servicio est\u00e1 dise\u00f1ado para abordar eficazmente sus necesidades espec\u00edficas. Servicio Dos Este servicio ofrece soluciones personalizadas para obtener resultados \u00f3ptimos. Servicio Tres Este servicio est\u00e1 [&hellip;]<\/p>\n","protected":false},"author":1,"featured_media":0,"parent":0,"menu_order":0,"comment_status":"closed","ping_status":"closed","template":"page-with-title","meta":{"_monsterinsights_skip_tracking":false,"_monsterinsights_sitenote_active":false,"_monsterinsights_sitenote_note":"","_monsterinsights_sitenote_category":0,"footnotes":""},"class_list":["post-28","page","type-page","status-publish","hentry"],"aioseo_notices":[],"_links":{"self":[{"href":"https:\/\/consultoriagas.space\/site\/wp-json\/wp\/v2\/pages\/28","targetHints":{"allow":["GET"]}}],"collection":[{"href":"https:\/\/consultoriagas.space\/site\/wp-json\/wp\/v2\/pages"}],"about":[{"href":"https:\/\/consultoriagas.space\/site\/wp-json\/wp\/v2\/types\/page"}],"author":[{"embeddable":true,"href":"https:\/\/consultoriagas.space\/site\/wp-json\/wp\/v2\/users\/1"}],"replies":[{"embeddable":true,"href":"https:\/\/consultoriagas.space\/site\/wp-json\/wp\/v2\/comments?post=28"}],"version-history":[{"count":1,"href":"https:\/\/consultoriagas.space\/site\/wp-json\/wp\/v2\/pages\/28\/revisions"}],"predecessor-version":[{"id":87,"href":"https:\/\/consultoriagas.space\/site\/wp-json\/wp\/v2\/pages\/28\/revisions\/87"}],"wp:attachment":[{"href":"https:\/\/consultoriagas.space\/site\/wp-json\/wp\/v2\/media?parent=28"}],"curies":[{"name":"wp","href":"https:\/\/api.w.org\/{rel}","templated":true}]}}